{"id":2,"date":"2021-08-28T15:29:32","date_gmt":"2021-08-28T13:29:32","guid":{"rendered":"http:\/\/coiffeur-martina.ch\/?page_id=2"},"modified":"2024-08-20T17:47:27","modified_gmt":"2024-08-20T15:47:27","slug":"willkommen-bei-coiffeur-martina","status":"publish","type":"page","link":"https:\/\/coiffeur-martina.ch\/","title":{"rendered":"Willkommen bei Coiffeur Martina"},"content":{"rendered":"\n<div class=\"wp-block-columns is-layout-flex wp-container-core-columns-is-layout-28f84493 wp-block-columns-is-layout-flex\">\n<div class=\"wp-block-column is-layout-flow wp-block-column-is-layout-flow\" style=\"flex-basis:100%\">\n<p>Eine trendige Frisur, eine aufgefrischte Farbe, hochgesteckt zum Fest, oder ganz einfach Haare schneiden\u2026 Bei mir sind Sie an der richtigen Adresse. Einen Einblick \u00fcber meine F\u00e4higkeiten und News rund ums Haarstyling bekommen Sie auf meiner Homepage. Und \u00fcbrigens, unsere Sessel sind sehr bequem \u2013 \u00fcberzeugen Sie sich doch selbst.<\/p>\n\n\n\n<p><br><\/p>\n<\/div>\n<\/div>\n\n\n\n<figure class=\"wp-block-image aligncenter size-large is-style-default\"><img loading=\"lazy\" decoding=\"async\" width=\"680\" height=\"1024\" src=\"https:\/\/coiffeur-martina.ch\/wp-content\/uploads\/2021\/10\/Startseite-680x1024.jpg\" alt=\"\" class=\"wp-image-185\" srcset=\"https:\/\/coiffeur-martina.ch\/wp-content\/uploads\/2021\/10\/Startseite-680x1024.jpg 680w, https:\/\/coiffeur-martina.ch\/wp-content\/uploads\/2021\/10\/Startseite-199x300.jpg 199w, https:\/\/coiffeur-martina.ch\/wp-content\/uploads\/2021\/10\/Startseite-768x1156.jpg 768w, https:\/\/coiffeur-martina.ch\/wp-content\/uploads\/2021\/10\/Startseite-1020x1536.jpg 1020w, https:\/\/coiffeur-martina.ch\/wp-content\/uploads\/2021\/10\/Startseite-1360x2048.jpg 1360w, https:\/\/coiffeur-martina.ch\/wp-content\/uploads\/2021\/10\/Startseite-scaled.jpg 1700w\" sizes=\"auto, (max-width: 680px) 100vw, 680px\" \/><\/figure>\n","protected":false},"excerpt":{"rendered":"<p>Eine trendige Frisur, eine aufgefrischte Farbe, hochgesteckt zum Fest, oder ganz einfach Haare schneiden\u2026 Bei mir sind Sie an der richtigen Adresse. Einen Einblick \u00fcber meine F\u00e4higkeiten und News rund ums Haarstyling bekommen Sie auf meiner Homepage. Und \u00fcbrigens, unsere Sessel sind sehr bequem \u2013 \u00fcberzeugen Sie sich doch selbst.<\/p>\n","protected":false},"author":1,"featured_media":0,"parent":0,"menu_order":0,"comment_status":"closed","ping_status":"open","template":"","meta":{"site-sidebar-layout":"default","site-content-layout":"default","ast-site-content-layout":"default","site-content-style":"default","site-sidebar-style":"default","ast-global-header-display":"","ast-banner-title-visibility":"","ast-main-header-display":"","ast-hfb-above-header-display":"","ast-hfb-below-header-display":"","ast-hfb-mobile-header-display":"","site-post-title":"","ast-breadcrumbs-content":"","ast-featured-img":"","footer-sml-layout":"","theme-transparent-header-meta":"default","adv-header-id-meta":"","stick-header-meta":"","header-above-stick-meta":"","header-main-stick-meta":"","header-below-stick-meta":"","astra-migrate-meta-layouts":"set","ast-page-background-enabled":"default","ast-page-background-meta":{"desktop":{"background-color":"var(--ast-global-color-4)","background-image":"","background-repeat":"repeat","background-position":"center center","background-size":"auto","background-attachment":"scroll","background-type":"","background-media":"","overlay-type":"","overlay-color":"","overlay-opacity":"","overlay-gradient":""},"tablet":{"background-color":"","background-image":"","background-repeat":"repeat","background-position":"center center","background-size":"auto","background-attachment":"scroll","background-type":"","background-media":"","overlay-type":"","overlay-color":"","overlay-opacity":"","overlay-gradient":""},"mobile":{"background-color":"","background-image":"","background-repeat":"repeat","background-position":"center center","background-size":"auto","background-attachment":"scroll","background-type":"","background-media":"","overlay-type":"","overlay-color":"","overlay-opacity":"","overlay-gradient":""}},"ast-content-background-meta":{"desktop":{"background-color":"var(--ast-global-color-5)","background-image":"","background-repeat":"repeat","background-position":"center center","background-size":"auto","background-attachment":"scroll","background-type":"","background-media":"","overlay-type":"","overlay-color":"","overlay-opacity":"","overlay-gradient":""},"tablet":{"background-color":"var(--ast-global-color-5)","background-image":"","background-repeat":"repeat","background-position":"center center","background-size":"auto","background-attachment":"scroll","background-type":"","background-media":"","overlay-type":"","overlay-color":"","overlay-opacity":"","overlay-gradient":""},"mobile":{"background-color":"var(--ast-global-color-5)","background-image":"","background-repeat":"repeat","background-position":"center center","background-size":"auto","background-attachment":"scroll","background-type":"","background-media":"","overlay-type":"","overlay-color":"","overlay-opacity":"","overlay-gradient":""}},"ngg_post_thumbnail":0,"footnotes":""},"class_list":["post-2","page","type-page","status-publish","hentry"],"_links":{"self":[{"href":"https:\/\/coiffeur-martina.ch\/index.php?rest_route=\/wp\/v2\/pages\/2","targetHints":{"allow":["GET"]}}],"collection":[{"href":"https:\/\/coiffeur-martina.ch\/index.php?rest_route=\/wp\/v2\/pages"}],"about":[{"href":"https:\/\/coiffeur-martina.ch\/index.php?rest_route=\/wp\/v2\/types\/page"}],"author":[{"embeddable":true,"href":"https:\/\/coiffeur-martina.ch\/index.php?rest_route=\/wp\/v2\/users\/1"}],"replies":[{"embeddable":true,"href":"https:\/\/coiffeur-martina.ch\/index.php?rest_route=%2Fwp%2Fv2%2Fcomments&post=2"}],"version-history":[{"count":19,"href":"https:\/\/coiffeur-martina.ch\/index.php?rest_route=\/wp\/v2\/pages\/2\/revisions"}],"predecessor-version":[{"id":285,"href":"https:\/\/coiffeur-martina.ch\/index.php?rest_route=\/wp\/v2\/pages\/2\/revisions\/285"}],"wp:attachment":[{"href":"https:\/\/coiffeur-martina.ch\/index.php?rest_route=%2Fwp%2Fv2%2Fmedia&parent=2"}],"curies":[{"name":"wp","href":"https:\/\/api.w.org\/{rel}","templated":true}]}}